{"id":4008,"date":"2024-02-07T14:10:47","date_gmt":"2024-02-07T13:10:47","guid":{"rendered":"https:\/\/ddg.getonnet.dev\/?page_id=4008"},"modified":"2024-02-07T14:10:49","modified_gmt":"2024-02-07T13:10:49","slug":"personvern","status":"publish","type":"page","link":"https:\/\/darkdesigngroup.no\/en\/personvern\/","title":{"rendered":"Privacy policy"},"content":{"rendered":"<p>Dark Design Group er behandlingsansvarlig for behandlingen av personopplysninger som<br>beskrevet i denne personvernerkl\u00e6ringen. I denne personvernerkl\u00e6ringen forklarer vi hva slags<br>personopplysninger vi lagrer og hvordan vi behandler de. Denne personvernerkl\u00e6ringen gjelder<br>for: darkdesigngroup.no<\/p>\n\n\n\n<h2 class=\"wp-block-heading\">Personopplysninger vi samler inn og behandler<\/h2>\n\n\n\n<p>Vi samler ikke inn noen personopplysninger eller cookies p\u00e5 v\u00e5r nettside darkdesigngroup.no<\/p>\n\n\n\n<p>Vi h\u00e5per du vil si ifra dersom du mener vi ikke overholder reglene i personopplysningsloven. Si<br>da gjerne f\u00f8rst i fra gjennom den kontakten eller kanalen du allerede har etablert med oss. Du<br>kan ogs\u00e5 klage over v\u00e5r behandling av personopplysninger. Dette gj\u00f8r du til Datatilsynet.<\/p>","protected":false},"excerpt":{"rendered":"<p>Dark Design Group er behandlingsansvarlig for behandlingen av personopplysninger sombeskrevet i denne personvernerkl\u00e6ringen. I denne personvernerkl\u00e6ringen forklarer vi hva slagspersonopplysninger vi lagrer og hvordan vi behandler de. Denne personvernerkl\u00e6ringen gjelderfor: darkdesigngroup.no Personopplysninger vi samler inn og behandler Vi samler ikke inn noen personopplysninger eller cookies p\u00e5 v\u00e5r nettside darkdesigngroup.no Vi h\u00e5per du vil si ifra [&hellip;]<\/p>","protected":false},"author":1,"featured_media":0,"parent":0,"menu_order":0,"comment_status":"closed","ping_status":"closed","template":"","meta":{"footnotes":"","_links_to":"","_links_to_target":""},"class_list":["post-4008","page","type-page","status-publish","hentry"],"_links":{"self":[{"href":"https:\/\/darkdesigngroup.no\/en\/wp-json\/wp\/v2\/pages\/4008","targetHints":{"allow":["GET"]}}],"collection":[{"href":"https:\/\/darkdesigngroup.no\/en\/wp-json\/wp\/v2\/pages"}],"about":[{"href":"https:\/\/darkdesigngroup.no\/en\/wp-json\/wp\/v2\/types\/page"}],"author":[{"embeddable":true,"href":"https:\/\/darkdesigngroup.no\/en\/wp-json\/wp\/v2\/users\/1"}],"replies":[{"embeddable":true,"href":"https:\/\/darkdesigngroup.no\/en\/wp-json\/wp\/v2\/comments?post=4008"}],"version-history":[{"count":1,"href":"https:\/\/darkdesigngroup.no\/en\/wp-json\/wp\/v2\/pages\/4008\/revisions"}],"predecessor-version":[{"id":4009,"href":"https:\/\/darkdesigngroup.no\/en\/wp-json\/wp\/v2\/pages\/4008\/revisions\/4009"}],"wp:attachment":[{"href":"https:\/\/darkdesigngroup.no\/en\/wp-json\/wp\/v2\/media?parent=4008"}],"curies":[{"name":"wp","href":"https:\/\/api.w.org\/{rel}","templated":true}]}}